{"id":1016,"date":"2019-08-30T07:42:12","date_gmt":"2019-08-30T07:42:12","guid":{"rendered":"https:\/\/ostenssons.com\/?page_id=1016"},"modified":"2019-11-26T11:50:04","modified_gmt":"2019-11-26T11:50:04","slug":"privacy-policy","status":"publish","type":"page","link":"https:\/\/ostenssons.com\/sv\/privacy-policy\/","title":{"rendered":"Integritetspolicy"},"content":{"rendered":"<div data-elementor-type=\"wp-post\" data-elementor-id=\"1016\" class=\"elementor elementor-1016\" data-elementor-post-type=\"page\">\n\t\t\t\t\t\t<section class=\"has_eae_slider elementor-section elementor-top-section elementor-element elementor-element-7b8e5ba elementor-section-height-min-height elementor-section-items-bottom elementor-section-boxed elementor-section-height-default\" data-id=\"7b8e5ba\" data-element_type=\"section\" data-settings=\"{&quot;background_background&quot;:&quot;classic&quot;}\">\n\t\t\t\t\t\t\t<div class=\"elementor-background-overlay\"><\/div>\n\t\t\t\t\t\t\t<div class=\"elementor-container elementor-column-gap-default\">\n\t\t\t\t\t<div class=\"has_eae_slider elementor-column elementor-col-50 elementor-top-column elementor-element elementor-element-dcdf3ee\" data-id=\"dcdf3ee\" data-element_type=\"column\">\n\t\t\t<div class=\"elementor-widget-wrap elementor-element-populated\">\n\t\t\t\t\t\t<div class=\"elementor-element elementor-element-3f9c633 elementor-invisible elementor-widget elementor-widget-heading\" data-id=\"3f9c633\" data-element_type=\"widget\" data-settings=\"{&quot;_animation&quot;:&quot;fadeIn&quot;,&quot;_animation_delay&quot;:200}\" data-widget_type=\"heading.default\">\n\t\t\t\t<div class=\"elementor-widget-container\">\n\t\t\t\t\t<h2 class=\"elementor-heading-title elementor-size-default\">Information om \u00d6stenssons interior design studio AB:s policy f\u00f6r behandling av personuppgifter<\/h2>\t\t\t\t<\/div>\n\t\t\t\t<\/div>\n\t\t\t\t<div class=\"elementor-element elementor-element-c3ebad9 elementor-invisible elementor-widget elementor-widget-text-editor\" data-id=\"c3ebad9\" data-element_type=\"widget\" data-settings=\"{&quot;_animation&quot;:&quot;fadeIn&quot;,&quot;_animation_delay&quot;:200}\" data-widget_type=\"text-editor.default\">\n\t\t\t\t<div class=\"elementor-widget-container\">\n\t\t\t\t\t\t\t\t\t<p>\u00d6stenssons interior design studio, org. nr. 559141-3082 (nedan \u201d\u00d6stenssons\u201d, \u201dvi\u201d, \u201doss\u201d eller \u201dv\u00e5r\u201d), \u00e4r personuppgiftsansvarig f\u00f6r de personuppgifter som vi erh\u00e5ller i samband med uppdrag eller som annars behandlas n\u00e4r uppdraget f\u00f6rbereds eller administreras samt personuppgifter som vi erh\u00e5ller fr\u00e5n leverant\u00f6rer och andra externa parter.<\/p><p>Personuppgifter \u00e4r all slags information som kan anv\u00e4ndas f\u00f6r att identifiera en enskild person. Syftet med den h\u00e4r informationen \u00e4r att du ska f\u00e5 information bl.a. om hur vi samlar in och behandlar personuppgifter, vad vi anv\u00e4nder dem till, vilka som kan f\u00e5 ta del av dem och vilka r\u00e4ttigheter du som registrerad har. Vi hanterar uppgifterna enligt g\u00e4llande dataskyddsf\u00f6rordning och vi vill att du ska k\u00e4nna dig trygg n\u00e4r du l\u00e4mnar dina personuppgifter till oss.<\/p><p>Personuppgifterna l\u00e4mnas oftast direkt till oss fr\u00e5n dig som registrerad men kan \u00e4ven inh\u00e4mtas fr\u00e5n andra. Vi kan \u00e4ven komma att komplettera personuppgifterna genom inh\u00e4mtning av information fr\u00e5n privata och offentliga register. Uppgifter kan \u00e4ven samlas in f\u00f6r v\u00e5r verksamhet som ej \u00e4r direkt relaterad till ett uppdrag (t.ex. i kontakt med leverant\u00f6rer och samarbetspartners). Personuppgifter som kan behandlas av oss \u00e4r exempelvis namn, telefonnummer, adress och e-postadress.<\/p><p>Vi behandlar uppgifterna f\u00f6r att utf\u00f6ra och administrera uppdrag, f\u00f6r att tillvarata dina och v\u00e5ra intressen samt f\u00f6r redovisnings- och fakturerings\u00e4ndam\u00e5l. Behandling av uppgifter h\u00e4nf\u00f6rliga till leverant\u00f6rer och dess f\u00f6retr\u00e4dare respektive andra externa parter grundas p\u00e5 v\u00e5rt ber\u00e4ttigade intresse att administrera relationen och v\u00e5ra avtalsf\u00f6rpliktelser. Uppgifterna inom ramen f\u00f6r v\u00e5r verksamhet behandlas p\u00e5 grundval av att behandlingen \u00e4r n\u00f6dv\u00e4ndig f\u00f6r att fullg\u00f6ra ett avtal med dig, att behandlingen \u00e4r till\u00e5ten efter en intresseavv\u00e4gning (t.ex. d\u00e5 du \u00e4r f\u00f6retr\u00e4dare eller kontaktperson f\u00f6r en juridisk person som \u00e4r kund hos oss) eller att behandlingen \u00e4r n\u00f6dv\u00e4ndig f\u00f6r att fullg\u00f6ra en r\u00e4ttslig f\u00f6rpliktelse (t.ex. bokf\u00f6ringsskyldighet). Om ingen av dessa grunder \u00e4r till\u00e4mpliga kan behandling ske om samtycke har l\u00e4mnats.<\/p><p>Uppgifterna kan ocks\u00e5 anv\u00e4ndas f\u00f6r aff\u00e4rs- och metodutveckling, marknadsanalys, statistik och riskhantering. Uppgifterna som behandlas i syfte att utveckla och analysera verksamheten behandlas p\u00e5 grundval av v\u00e5rt ber\u00e4ttigade intresse att utveckla verksamheten och kommunicera med v\u00e5ra kontakter.<\/p><p>Vi kommer inte att l\u00e4mna ut personuppgifter till utomst\u00e5ende annat \u00e4n i de fall d\u00e5 (i) det s\u00e4rskilt \u00f6verenskommits, (ii) d\u00e5 det inom ramen f\u00f6r ett visst uppdrag \u00e4r n\u00f6dv\u00e4ndigt f\u00f6r att tillvarata dina eller v\u00e5ra r\u00e4ttigheter, (iii) om det \u00e4r n\u00f6dv\u00e4ndigt f\u00f6r att vi ska fullg\u00f6ra lagstadgad skyldighet eller efterkomma myndighetsbeslut eller beslut av domstol, eller (iv) f\u00f6r det fall vi anlitar utomst\u00e5ende tj\u00e4nsteleverant\u00f6rer som utf\u00f6r uppdrag f\u00f6r v\u00e5r r\u00e4kning. Om vi har en leverant\u00f6r med verksamhet i ett land utanf\u00f6r EU\/EES eller om det \u00e4r n\u00f6dv\u00e4ndigt f\u00f6r fullg\u00f6rande av uppdraget kan dina personuppgifter i f\u00f6rekommande fall komma att \u00f6verf\u00f6ras till ett s\u00e5dant land som inte har en motsvarande skyddsniv\u00e5 f\u00f6r personuppgifter. Vi kommer d\u00e5 att vidta l\u00e4mpliga skydds\u00e5tg\u00e4rder f\u00f6r att skydda dina personuppgifter i samband med s\u00e5dan \u00f6verf\u00f6ring.<\/p><p>Personuppgifterna sparas under den tid som kr\u00e4vs f\u00f6r uppdragets slutf\u00f6rande samt en tid om ett \u00e5r fr\u00e5n dagen f\u00f6r uppdragets slutf\u00f6rande, eller den l\u00e4ngre tid som p\u00e5kallas.<\/p><p>Du har r\u00e4tt att kostnadsfritt beg\u00e4ra information fr\u00e5n oss om anv\u00e4ndningen av de personuppgifter som r\u00f6r dig. Vi kommer p\u00e5 din beg\u00e4ran eller p\u00e5 eget initiativ r\u00e4tta eller radera uppgifter som \u00e4r felaktiga eller som du framf\u00f6r inv\u00e4ndningar mot att vi behandlar eller begr\u00e4nsa behandlingen av s\u00e5dana uppgifter, s\u00e5vida inte hinder f\u00f6religger av t.ex. bokf\u00f6ringssk\u00e4l. F\u00f6r det fall att dina uppgifter behandlas med st\u00f6d av samtycke, har du n\u00e4r som helst r\u00e4tt att \u00e5terkalla ditt samtycke med framtida verkan. Vi kommer d\u00e5 inte att behandla ytterligare personuppgifter eller uppdatera tidigare l\u00e4mnade personuppgifter i det avseendet. Du har vidare r\u00e4tt att beg\u00e4ra att dina uppgifter inte behandlas f\u00f6r direktmarknadsf\u00f6rings\u00e4ndam\u00e5l. Du har ocks\u00e5 i vissa fall r\u00e4tt att f\u00e5 del av dina personuppgifter i ett maskinl\u00e4sbart format och \u00f6verf\u00f6rda till en tredje part som du anvisar. Om du \u00e4r missn\u00f6jd med v\u00e5r behandling av dina personuppgifter kan du l\u00e4mna in ett klagom\u00e5l till en tillsynsmyndighet, vilken i Sverige \u00e4r Datainspektionen (www.datainspektionen.se<\/p>\t\t\t\t\t\t\t\t<\/div>\n\t\t\t\t<\/div>\n\t\t\t\t\t<\/div>\n\t\t<\/div>\n\t\t\t\t<div class=\"has_eae_slider elementor-column elementor-col-50 elementor-top-column elementor-element elementor-element-a8cc898\" data-id=\"a8cc898\" data-element_type=\"column\">\n\t\t\t<div class=\"elementor-widget-wrap\">\n\t\t\t\t\t\t\t<\/div>\n\t\t<\/div>\n\t\t\t\t\t<\/div>\n\t\t<\/section>\n\t\t\t\t<\/div>","protected":false},"excerpt":{"rendered":"<p>Information on \u00d6stenssons interior design studio AB:s policy for processing personal data \u00d6stenssons interior design studio, org. nr. 559141-3082 (hereinafter \u201d\u00d6stenssons\u201d, \u201dwe\u201d, \u201dus\u201d or \u201dour\u201d), is responsible for the personal data that we receive in connection with assignments or which are otherwise processed when the assignment is being prepared or administered, as well as personal [&hellip;]<\/p>","protected":false},"author":1,"featured_media":0,"parent":0,"menu_order":0,"comment_status":"closed","ping_status":"closed","template":"elementor_header_footer","meta":{"_acf_changed":false,"inline_featured_image":false,"footnotes":""},"class_list":["post-1016","page","type-page","status-publish","hentry"],"acf":[],"yoast_head":"<!-- This site is optimized with the Yoast SEO Premium plugin v24.9 (Yoast SEO v24.9) - https:\/\/yoast.com\/wordpress\/plugins\/seo\/ -->\n<title>Privacy policy | \u00d6stenssons Design Studio<\/title>\n<meta name=\"description\" content=\"\u00d6stensson Design Studio is an award-winning interior design studio. We are more than willing to help with any project you have in mind.\" \/>\n<meta name=\"robots\" content=\"index, follow, max-snippet:-1, max-image-preview:large, max-video-preview:-1\" \/>\n<link rel=\"canonical\" href=\"https:\/\/ostenssons.com\/sv\/privacy-policy\/\" \/>\n<meta property=\"og:locale\" content=\"sv_SE\" \/>\n<meta property=\"og:type\" content=\"article\" \/>\n<meta property=\"og:title\" content=\"Privacy policy\" \/>\n<meta property=\"og:description\" content=\"\u00d6stensson Design Studio is an award-winning interior design studio. We are more than willing to help with any project you have in mind.\" \/>\n<meta property=\"og:url\" content=\"https:\/\/ostenssons.com\/sv\/privacy-policy\/\" \/>\n<meta property=\"og:site_name\" content=\"\u00d6stensson interior design\" \/>\n<meta property=\"article:modified_time\" content=\"2019-11-26T11:50:04+00:00\" \/>\n<meta name=\"twitter:card\" content=\"summary_large_image\" \/>\n<meta name=\"twitter:label1\" content=\"Ber\u00e4knad l\u00e4stid\" \/>\n\t<meta name=\"twitter:data1\" content=\"4 minuter\" \/>\n<script type=\"application\/ld+json\" class=\"yoast-schema-graph\">{\"@context\":\"https:\/\/schema.org\",\"@graph\":[{\"@type\":\"WebPage\",\"@id\":\"https:\/\/ostenssons.com\/privacy-policy\/\",\"url\":\"https:\/\/ostenssons.com\/privacy-policy\/\",\"name\":\"Privacy policy | \u00d6stenssons Design Studio\",\"isPartOf\":{\"@id\":\"https:\/\/ostenssons.com\/#website\"},\"datePublished\":\"2019-08-30T07:42:12+00:00\",\"dateModified\":\"2019-11-26T11:50:04+00:00\",\"description\":\"\u00d6stensson Design Studio is an award-winning interior design studio. We are more than willing to help with any project you have in mind.\",\"breadcrumb\":{\"@id\":\"https:\/\/ostenssons.com\/privacy-policy\/#breadcrumb\"},\"inLanguage\":\"sv-SE\",\"potentialAction\":[{\"@type\":\"ReadAction\",\"target\":[\"https:\/\/ostenssons.com\/privacy-policy\/\"]}]},{\"@type\":\"BreadcrumbList\",\"@id\":\"https:\/\/ostenssons.com\/privacy-policy\/#breadcrumb\",\"itemListElement\":[{\"@type\":\"ListItem\",\"position\":1,\"name\":\"Home\",\"item\":\"https:\/\/ostenssons.com\/\"},{\"@type\":\"ListItem\",\"position\":2,\"name\":\"Privacy policy\"}]},{\"@type\":\"WebSite\",\"@id\":\"https:\/\/ostenssons.com\/#website\",\"url\":\"https:\/\/ostenssons.com\/\",\"name\":\"\u00d6stensson interior design\",\"description\":\"\",\"potentialAction\":[{\"@type\":\"SearchAction\",\"target\":{\"@type\":\"EntryPoint\",\"urlTemplate\":\"https:\/\/ostenssons.com\/?s={search_term_string}\"},\"query-input\":{\"@type\":\"PropertyValueSpecification\",\"valueRequired\":true,\"valueName\":\"search_term_string\"}}],\"inLanguage\":\"sv-SE\"}]}<\/script>\n<!-- \/ Yoast SEO Premium plugin. -->","yoast_head_json":{"title":"Privacy policy | \u00d6stenssons Design Studio","description":"\u00d6stensson Design Studio is an award-winning interior design studio. We are more than willing to help with any project you have in mind.","robots":{"index":"index","follow":"follow","max-snippet":"max-snippet:-1","max-image-preview":"max-image-preview:large","max-video-preview":"max-video-preview:-1"},"canonical":"https:\/\/ostenssons.com\/sv\/privacy-policy\/","og_locale":"sv_SE","og_type":"article","og_title":"Privacy policy","og_description":"\u00d6stensson Design Studio is an award-winning interior design studio. We are more than willing to help with any project you have in mind.","og_url":"https:\/\/ostenssons.com\/sv\/privacy-policy\/","og_site_name":"\u00d6stensson interior design","article_modified_time":"2019-11-26T11:50:04+00:00","twitter_card":"summary_large_image","twitter_misc":{"Ber\u00e4knad l\u00e4stid":"4 minuter"},"schema":{"@context":"https:\/\/schema.org","@graph":[{"@type":"WebPage","@id":"https:\/\/ostenssons.com\/privacy-policy\/","url":"https:\/\/ostenssons.com\/privacy-policy\/","name":"Privacy policy | \u00d6stenssons Design Studio","isPartOf":{"@id":"https:\/\/ostenssons.com\/#website"},"datePublished":"2019-08-30T07:42:12+00:00","dateModified":"2019-11-26T11:50:04+00:00","description":"\u00d6stensson Design Studio is an award-winning interior design studio. We are more than willing to help with any project you have in mind.","breadcrumb":{"@id":"https:\/\/ostenssons.com\/privacy-policy\/#breadcrumb"},"inLanguage":"sv-SE","potentialAction":[{"@type":"ReadAction","target":["https:\/\/ostenssons.com\/privacy-policy\/"]}]},{"@type":"BreadcrumbList","@id":"https:\/\/ostenssons.com\/privacy-policy\/#breadcrumb","itemListElement":[{"@type":"ListItem","position":1,"name":"Home","item":"https:\/\/ostenssons.com\/"},{"@type":"ListItem","position":2,"name":"Privacy policy"}]},{"@type":"WebSite","@id":"https:\/\/ostenssons.com\/#website","url":"https:\/\/ostenssons.com\/","name":"\u00d6stensson interior design","description":"","potentialAction":[{"@type":"SearchAction","target":{"@type":"EntryPoint","urlTemplate":"https:\/\/ostenssons.com\/?s={search_term_string}"},"query-input":{"@type":"PropertyValueSpecification","valueRequired":true,"valueName":"search_term_string"}}],"inLanguage":"sv-SE"}]}},"_links":{"self":[{"href":"https:\/\/ostenssons.com\/sv\/wp-json\/wp\/v2\/pages\/1016","targetHints":{"allow":["GET"]}}],"collection":[{"href":"https:\/\/ostenssons.com\/sv\/wp-json\/wp\/v2\/pages"}],"about":[{"href":"https:\/\/ostenssons.com\/sv\/wp-json\/wp\/v2\/types\/page"}],"author":[{"embeddable":true,"href":"https:\/\/ostenssons.com\/sv\/wp-json\/wp\/v2\/users\/1"}],"replies":[{"embeddable":true,"href":"https:\/\/ostenssons.com\/sv\/wp-json\/wp\/v2\/comments?post=1016"}],"version-history":[{"count":7,"href":"https:\/\/ostenssons.com\/sv\/wp-json\/wp\/v2\/pages\/1016\/revisions"}],"predecessor-version":[{"id":1891,"href":"https:\/\/ostenssons.com\/sv\/wp-json\/wp\/v2\/pages\/1016\/revisions\/1891"}],"wp:attachment":[{"href":"https:\/\/ostenssons.com\/sv\/wp-json\/wp\/v2\/media?parent=1016"}],"curies":[{"name":"wp","href":"https:\/\/api.w.org\/{rel}","templated":true}]}}