{"id":1016,"date":"2019-08-30T07:42:12","date_gmt":"2019-08-30T07:42:12","guid":{"rendered":"https:\/\/ostenssons.com\/?page_id=1016"},"modified":"2019-11-26T11:50:04","modified_gmt":"2019-11-26T11:50:04","slug":"privacy-policy","status":"publish","type":"page","link":"https:\/\/ostenssons.com\/es\/privacy-policy\/","title":{"rendered":"Pol\u00edtica de privacidad"},"content":{"rendered":"<div data-elementor-type=\"wp-post\" data-elementor-id=\"1016\" class=\"elementor elementor-1016\" data-elementor-post-type=\"page\">\n\t\t\t\t\t\t<section class=\"has_eae_slider elementor-section elementor-top-section elementor-element elementor-element-7b8e5ba elementor-section-height-min-height elementor-section-items-bottom elementor-section-boxed elementor-section-height-default\" data-id=\"7b8e5ba\" data-element_type=\"section\" data-settings=\"{&quot;background_background&quot;:&quot;classic&quot;}\">\n\t\t\t\t\t\t\t<div class=\"elementor-background-overlay\"><\/div>\n\t\t\t\t\t\t\t<div class=\"elementor-container elementor-column-gap-default\">\n\t\t\t\t\t<div class=\"has_eae_slider elementor-column elementor-col-50 elementor-top-column elementor-element elementor-element-dcdf3ee\" data-id=\"dcdf3ee\" data-element_type=\"column\">\n\t\t\t<div class=\"elementor-widget-wrap elementor-element-populated\">\n\t\t\t\t\t\t<div class=\"elementor-element elementor-element-3f9c633 elementor-invisible elementor-widget elementor-widget-heading\" data-id=\"3f9c633\" data-element_type=\"widget\" data-settings=\"{&quot;_animation&quot;:&quot;fadeIn&quot;,&quot;_animation_delay&quot;:200}\" data-widget_type=\"heading.default\">\n\t\t\t\t<div class=\"elementor-widget-container\">\n\t\t\t\t\t<h2 class=\"elementor-heading-title elementor-size-default\">Pol\u00edtica de privacidad \u00d6stenssons estudio de dise\u00f1o de interiores AB:s para el tratamiento de datos personales<\/h2>\t\t\t\t<\/div>\n\t\t\t\t<\/div>\n\t\t\t\t<div class=\"elementor-element elementor-element-c3ebad9 elementor-invisible elementor-widget elementor-widget-text-editor\" data-id=\"c3ebad9\" data-element_type=\"widget\" data-settings=\"{&quot;_animation&quot;:&quot;fadeIn&quot;,&quot;_animation_delay&quot;:200}\" data-widget_type=\"text-editor.default\">\n\t\t\t\t<div class=\"elementor-widget-container\">\n\t\t\t\t\t\t\t\t\t<p>Estudio de dise\u00f1o de interiores de la organizaci\u00f3n, org. 559141-3082 (en adelante, \"\u00d6stenssons\", \"nosotros\", \"nos\" o \"nuestro\"), es responsable de los datos personales que recibimos en relaci\u00f3n con las cesiones o que se procesan de otro modo cuando se prepara o administra la cesi\u00f3n, as\u00ed como de los datos personales que recibimos de proveedores y otras partes externas.<\/p><p>La informaci\u00f3n personal es cualquier tipo de informaci\u00f3n que se puede utilizar para identificar a un individuo. El prop\u00f3sito de esta informaci\u00f3n es que usted debe recibir informaci\u00f3n, incluyendo sobre c\u00f3mo recopilamos y procesamos datos personales, para qu\u00e9 los utilizamos, qui\u00e9n puede acceder a ellos y qu\u00e9 derechos tiene como registrado. Manejamos la informaci\u00f3n de acuerdo con la normativa de protecci\u00f3n de datos aplicable y queremos que se sienta seguro cuando nos env\u00ede su informaci\u00f3n personal. La informaci\u00f3n personal generalmente se nos proporciona directamente de usted como persona registrada, pero tambi\u00e9n se puede obtener de otros. Tambi\u00e9n podemos complementar los datos personales obteniendo informaci\u00f3n de registros privados y p\u00fablicos.<\/p><p>Tambi\u00e9n se pueden recopilar datos para nuestro negocio que no est\u00e1n directamente relacionados con una comisi\u00f3n (por ejemplo, en contacto con proveedores y socios). Los datos personales que podemos ser procesados por nosotros son, por ejemplo, nombre, n\u00famero de tel\u00e9fono, direcci\u00f3n y direcci\u00f3n de correo electr\u00f3nico.<\/p><p>Tambi\u00e9n se pueden recopilar datos para nuestro negocio que no est\u00e1n directamente relacionados con una comisi\u00f3n (por ejemplo, en contacto con proveedores y socios). Los datos personales que podemos ser procesados por nosotros son, por ejemplo, nombre, n\u00famero de tel\u00e9fono, direcci\u00f3n y direcci\u00f3n de correo electr\u00f3nico. Procesamos las tareas para realizar y administrar asignaciones, para salvaguardar sus intereses y sus intereses, y para fines de contabilidad y facturaci\u00f3n. El procesamiento de informaci\u00f3n atribuible a los proveedores y sus representantes y otras partes externas se basa en nuestro inter\u00e9s leg\u00edtimo en gestionar la relaci\u00f3n y nuestras obligaciones contractuales. La informaci\u00f3n en el contexto de nuestro negocio se procesa sobre la base de que el tratamiento es necesario para cumplir con un acuerdo con usted, que el tratamiento est\u00e1 permitido despu\u00e9s de un equilibrio de intereses (por ejemplo, cuando usted es el representante o persona de contacto para una persona legal que es cliente de nosotros) o que el procesamiento es necesario para cumplir con una obligaci\u00f3n legal (por ejemplo, obligaci\u00f3n contable). Si no se aplica ninguno de estos motivos, se puede hacer el tratamiento si se ha dado el consentimiento.<\/p><p>Los datos tambi\u00e9n se pueden utilizar para el desarrollo de negocios y m\u00e9todos, an\u00e1lisis de mercado, estad\u00edsticas y gesti\u00f3n de riesgos. Los datos que se tratan con el fin de desarrollar y analizar el negocio se procesan sobre la base de nuestro inter\u00e9s leg\u00edtimo en desarrollar el negocio y comunicarnos con nuestros contactos.<\/p><p>No divulgaremos informaci\u00f3n personal a personas ajenas, excepto cuando se haya acordado espec\u00edficamente, y cuando, en el marco de una cesi\u00f3n en particular, sea necesario ejercer sus derechos o nuestros derechos, si es necesario para cumplir con nuestra obligaci\u00f3n o para cumplir con decisiones gubernamentales o decisiones judiciales, o en el caso de que contratemos proveedores de servicios externos que realicen asignaciones en nuestro nombre. Si tenemos un proveedor que opera en un pa\u00eds fuera de la UE \/ EEE o si es necesario para el cumplimiento de la cesi\u00f3n, sus datos personales pueden ser transferidos a un pa\u00eds que no tiene un nivel correspondiente de protecci\u00f3n de datos personales. A continuaci\u00f3n, tomaremos las medidas de seguridad adecuadas para proteger sus datos personales en relaci\u00f3n con dicha transferencia.<\/p><p>Los datos personales se guardan durante el tiempo necesario para la realizaci\u00f3n de la asignaci\u00f3n y durante un a\u00f1o a partir de la fecha de finalizaci\u00f3n de la asignaci\u00f3n, o el tiempo m\u00e1s largo requerido. Usted tiene derecho a solicitarnos informaci\u00f3n gratuita sobre el uso de los datos personales que le conciernen. Corregiremos o eliminaremos datos incorrectos o si plantea objeciones con respecto a ese proceso o limita el procesamiento de dichos datos, a menos que existan obst\u00e1culos, por ejemplo, con fines contables.<\/p><p>En el caso de que sus datos sean tratados con la ayuda del consentimiento, usted tiene derecho en cualquier momento a retirar su consentimiento con efecto futuro. A continuaci\u00f3n, no procesaremos ning\u00fan otro dato personal ni actualizaremos los datos personales enviados anteriormente al respecto. Tambi\u00e9n tiene derecho a solicitar que su informaci\u00f3n no se procese con fines de marketing directo. Tambi\u00e9n tiene derecho, en algunos casos, a acceder a sus datos personales en un formato legible por m\u00e1quina y transferidos a un tercero que usted dirija. Si no est\u00e1 satisfecho con nuestro procesamiento de sus datos personales, puede presentar una queja ante una autoridad supervisora, en Suecia en la Inspecci\u00f3n de Datos (www.datainspektionen.se)<\/p>\t\t\t\t\t\t\t\t<\/div>\n\t\t\t\t<\/div>\n\t\t\t\t\t<\/div>\n\t\t<\/div>\n\t\t\t\t<div class=\"has_eae_slider elementor-column elementor-col-50 elementor-top-column elementor-element elementor-element-a8cc898\" data-id=\"a8cc898\" data-element_type=\"column\">\n\t\t\t<div class=\"elementor-widget-wrap\">\n\t\t\t\t\t\t\t<\/div>\n\t\t<\/div>\n\t\t\t\t\t<\/div>\n\t\t<\/section>\n\t\t\t\t<\/div>","protected":false},"excerpt":{"rendered":"<p>Information on \u00d6stenssons interior design studio AB:s policy for processing personal data \u00d6stenssons interior design studio, org. nr. 559141-3082 (hereinafter \u201d\u00d6stenssons\u201d, \u201dwe\u201d, \u201dus\u201d or \u201dour\u201d), is responsible for the personal data that we receive in connection with assignments or which are otherwise processed when the assignment is being prepared or administered, as well as personal [&hellip;]<\/p>","protected":false},"author":1,"featured_media":0,"parent":0,"menu_order":0,"comment_status":"closed","ping_status":"closed","template":"elementor_header_footer","meta":{"_acf_changed":false,"inline_featured_image":false,"footnotes":""},"class_list":["post-1016","page","type-page","status-publish","hentry"],"acf":[],"yoast_head":"<!-- This site is optimized with the Yoast SEO Premium plugin v24.9 (Yoast SEO v24.9) - https:\/\/yoast.com\/wordpress\/plugins\/seo\/ -->\n<title>Privacy policy | \u00d6stenssons Design Studio<\/title>\n<meta name=\"description\" content=\"\u00d6stensson Design Studio is an award-winning interior design studio. We are more than willing to help with any project you have in mind.\" \/>\n<meta name=\"robots\" content=\"index, follow, max-snippet:-1, max-image-preview:large, max-video-preview:-1\" \/>\n<link rel=\"canonical\" href=\"https:\/\/ostenssons.com\/es\/privacy-policy\/\" \/>\n<meta property=\"og:locale\" content=\"es_ES\" \/>\n<meta property=\"og:type\" content=\"article\" \/>\n<meta property=\"og:title\" content=\"Privacy policy\" \/>\n<meta property=\"og:description\" content=\"\u00d6stensson Design Studio is an award-winning interior design studio. We are more than willing to help with any project you have in mind.\" \/>\n<meta property=\"og:url\" content=\"https:\/\/ostenssons.com\/es\/privacy-policy\/\" \/>\n<meta property=\"og:site_name\" content=\"\u00d6stensson interior design\" \/>\n<meta property=\"article:modified_time\" content=\"2019-11-26T11:50:04+00:00\" \/>\n<meta name=\"twitter:card\" content=\"summary_large_image\" \/>\n<meta name=\"twitter:label1\" content=\"Tiempo de lectura\" \/>\n\t<meta name=\"twitter:data1\" content=\"4 minutos\" \/>\n<script type=\"application\/ld+json\" class=\"yoast-schema-graph\">{\"@context\":\"https:\/\/schema.org\",\"@graph\":[{\"@type\":\"WebPage\",\"@id\":\"https:\/\/ostenssons.com\/privacy-policy\/\",\"url\":\"https:\/\/ostenssons.com\/privacy-policy\/\",\"name\":\"Privacy policy | \u00d6stenssons Design Studio\",\"isPartOf\":{\"@id\":\"https:\/\/ostenssons.com\/#website\"},\"datePublished\":\"2019-08-30T07:42:12+00:00\",\"dateModified\":\"2019-11-26T11:50:04+00:00\",\"description\":\"\u00d6stensson Design Studio is an award-winning interior design studio. We are more than willing to help with any project you have in mind.\",\"breadcrumb\":{\"@id\":\"https:\/\/ostenssons.com\/privacy-policy\/#breadcrumb\"},\"inLanguage\":\"es\",\"potentialAction\":[{\"@type\":\"ReadAction\",\"target\":[\"https:\/\/ostenssons.com\/privacy-policy\/\"]}]},{\"@type\":\"BreadcrumbList\",\"@id\":\"https:\/\/ostenssons.com\/privacy-policy\/#breadcrumb\",\"itemListElement\":[{\"@type\":\"ListItem\",\"position\":1,\"name\":\"Home\",\"item\":\"https:\/\/ostenssons.com\/\"},{\"@type\":\"ListItem\",\"position\":2,\"name\":\"Privacy policy\"}]},{\"@type\":\"WebSite\",\"@id\":\"https:\/\/ostenssons.com\/#website\",\"url\":\"https:\/\/ostenssons.com\/\",\"name\":\"\u00d6stensson interior design\",\"description\":\"\",\"potentialAction\":[{\"@type\":\"SearchAction\",\"target\":{\"@type\":\"EntryPoint\",\"urlTemplate\":\"https:\/\/ostenssons.com\/?s={search_term_string}\"},\"query-input\":{\"@type\":\"PropertyValueSpecification\",\"valueRequired\":true,\"valueName\":\"search_term_string\"}}],\"inLanguage\":\"es\"}]}<\/script>\n<!-- \/ Yoast SEO Premium plugin. -->","yoast_head_json":{"title":"Privacy policy | \u00d6stenssons Design Studio","description":"\u00d6stensson Design Studio is an award-winning interior design studio. We are more than willing to help with any project you have in mind.","robots":{"index":"index","follow":"follow","max-snippet":"max-snippet:-1","max-image-preview":"max-image-preview:large","max-video-preview":"max-video-preview:-1"},"canonical":"https:\/\/ostenssons.com\/es\/privacy-policy\/","og_locale":"es_ES","og_type":"article","og_title":"Privacy policy","og_description":"\u00d6stensson Design Studio is an award-winning interior design studio. We are more than willing to help with any project you have in mind.","og_url":"https:\/\/ostenssons.com\/es\/privacy-policy\/","og_site_name":"\u00d6stensson interior design","article_modified_time":"2019-11-26T11:50:04+00:00","twitter_card":"summary_large_image","twitter_misc":{"Tiempo de lectura":"4 minutos"},"schema":{"@context":"https:\/\/schema.org","@graph":[{"@type":"WebPage","@id":"https:\/\/ostenssons.com\/privacy-policy\/","url":"https:\/\/ostenssons.com\/privacy-policy\/","name":"Privacy policy | \u00d6stenssons Design Studio","isPartOf":{"@id":"https:\/\/ostenssons.com\/#website"},"datePublished":"2019-08-30T07:42:12+00:00","dateModified":"2019-11-26T11:50:04+00:00","description":"\u00d6stensson Design Studio is an award-winning interior design studio. We are more than willing to help with any project you have in mind.","breadcrumb":{"@id":"https:\/\/ostenssons.com\/privacy-policy\/#breadcrumb"},"inLanguage":"es","potentialAction":[{"@type":"ReadAction","target":["https:\/\/ostenssons.com\/privacy-policy\/"]}]},{"@type":"BreadcrumbList","@id":"https:\/\/ostenssons.com\/privacy-policy\/#breadcrumb","itemListElement":[{"@type":"ListItem","position":1,"name":"Home","item":"https:\/\/ostenssons.com\/"},{"@type":"ListItem","position":2,"name":"Privacy policy"}]},{"@type":"WebSite","@id":"https:\/\/ostenssons.com\/#website","url":"https:\/\/ostenssons.com\/","name":"\u00d6stensson interior design","description":"","potentialAction":[{"@type":"SearchAction","target":{"@type":"EntryPoint","urlTemplate":"https:\/\/ostenssons.com\/?s={search_term_string}"},"query-input":{"@type":"PropertyValueSpecification","valueRequired":true,"valueName":"search_term_string"}}],"inLanguage":"es"}]}},"_links":{"self":[{"href":"https:\/\/ostenssons.com\/es\/wp-json\/wp\/v2\/pages\/1016","targetHints":{"allow":["GET"]}}],"collection":[{"href":"https:\/\/ostenssons.com\/es\/wp-json\/wp\/v2\/pages"}],"about":[{"href":"https:\/\/ostenssons.com\/es\/wp-json\/wp\/v2\/types\/page"}],"author":[{"embeddable":true,"href":"https:\/\/ostenssons.com\/es\/wp-json\/wp\/v2\/users\/1"}],"replies":[{"embeddable":true,"href":"https:\/\/ostenssons.com\/es\/wp-json\/wp\/v2\/comments?post=1016"}],"version-history":[{"count":7,"href":"https:\/\/ostenssons.com\/es\/wp-json\/wp\/v2\/pages\/1016\/revisions"}],"predecessor-version":[{"id":1891,"href":"https:\/\/ostenssons.com\/es\/wp-json\/wp\/v2\/pages\/1016\/revisions\/1891"}],"wp:attachment":[{"href":"https:\/\/ostenssons.com\/es\/wp-json\/wp\/v2\/media?parent=1016"}],"curies":[{"name":"wp","href":"https:\/\/api.w.org\/{rel}","templated":true}]}}